{"id":766,"date":"2016-11-04T16:36:59","date_gmt":"2016-11-04T15:36:59","guid":{"rendered":"https:\/\/www.centredentairedesiles.com\/?page_id=766\/"},"modified":"2017-06-26T15:25:55","modified_gmt":"2017-06-26T14:25:55","slug":"sondage-de-satisfaction","status":"publish","type":"page","link":"https:\/\/www.centredentairedesiles.com\/en\/informations\/sondage-de-satisfaction\/","title":{"rendered":"Sondage de satisfaction"},"content":{"rendered":"<p>Dans le souci de rehausser la qualit\u00e9 de nos services, nous invitons notre client\u00e8le \u00e0 r\u00e9pondre \u00e0 un court sondage. Cette nouvelle approche vise \u00e0 mesurer votre niveau de satisfaction et \u00e0 d\u00e9mystifier les aspects \u00e0 am\u00e9liorer dans le cadre de notre pratique. Veuillez prendre note que ce sondage est anonyme.<\/p>\n<p class=\"wpcf7-contact-form-not-found\"><strong>Error:<\/strong> Contact form not found.<\/p>\n","protected":false},"excerpt":{"rendered":"<p>Dans le souci de rehausser la qualit\u00e9 de nos services, nous invitons notre client\u00e8le \u00e0 r\u00e9pondre \u00e0 un court sondage. Cette nouvelle approche vise \u00e0 mesurer votre niveau de satisfaction et \u00e0 d\u00e9mystifier les aspects \u00e0 am\u00e9liorer dans le cadre de notre pratique. Veuillez prendre note que ce sondage est anonyme.<\/p>\n","protected":false},"author":2,"featured_media":956,"parent":698,"menu_order":0,"comment_status":"closed","ping_status":"closed","template":"templates\/template-informations.php","meta":{"_acf_changed":false,"footnotes":""},"class_list":["post-766","page","type-page","status-publish","has-post-thumbnail","hentry"],"acf":[],"yoast_head":"<!-- This site is optimized with the Yoast SEO plugin v27.4 - https:\/\/yoast.com\/product\/yoast-seo-wordpress\/ -->\n<title>Sondage de satisfaction - Centre dentaire des Iles | Dentistes<\/title>\n<meta name=\"robots\" content=\"index, follow, max-snippet:-1, max-image-preview:large, max-video-preview:-1\" \/>\n<link rel=\"canonical\" href=\"https:\/\/www.centredentairedesiles.com\/en\/informations\/sondage-de-satisfaction\/\" \/>\n<meta property=\"og:locale\" content=\"en_US\" \/>\n<meta property=\"og:type\" content=\"article\" \/>\n<meta property=\"og:title\" content=\"Sondage de satisfaction - Centre dentaire des Iles | Dentistes\" \/>\n<meta property=\"og:description\" content=\"Dans le souci de rehausser la qualit\u00e9 de nos services, nous invitons notre client\u00e8le \u00e0 r\u00e9pondre \u00e0 un court sondage. Cette nouvelle approche vise \u00e0 mesurer votre niveau de satisfaction et \u00e0 d\u00e9mystifier les aspects \u00e0 am\u00e9liorer dans le cadre de notre pratique. Veuillez prendre note que ce sondage est anonyme.\" \/>\n<meta property=\"og:url\" content=\"https:\/\/www.centredentairedesiles.com\/en\/informations\/sondage-de-satisfaction\/\" \/>\n<meta property=\"og:site_name\" content=\"Centre dentaire des Iles | Dentistes\" \/>\n<meta property=\"article:modified_time\" content=\"2017-06-26T14:25:55+00:00\" \/>\n<meta name=\"twitter:card\" content=\"summary_large_image\" \/>\n<script type=\"application\/ld+json\" class=\"yoast-schema-graph\">{\"@context\":\"https:\\\/\\\/schema.org\",\"@graph\":[{\"@type\":\"WebPage\",\"@id\":\"https:\\\/\\\/www.centredentairedesiles.com\\\/en\\\/informations\\\/sondage-de-satisfaction\\\/\",\"url\":\"https:\\\/\\\/www.centredentairedesiles.com\\\/en\\\/informations\\\/sondage-de-satisfaction\\\/\",\"name\":\"Sondage de satisfaction - Centre dentaire des Iles | Dentistes\",\"isPartOf\":{\"@id\":\"https:\\\/\\\/www.centredentairedesiles.com\\\/#website\"},\"primaryImageOfPage\":{\"@id\":\"https:\\\/\\\/www.centredentairedesiles.com\\\/en\\\/informations\\\/sondage-de-satisfaction\\\/#primaryimage\"},\"image\":{\"@id\":\"https:\\\/\\\/www.centredentairedesiles.com\\\/en\\\/informations\\\/sondage-de-satisfaction\\\/#primaryimage\"},\"thumbnailUrl\":\"https:\\\/\\\/www.centredentairedesiles.com\\\/wp-content\\\/uploads\\\/2016\\\/11\\\/AdobeStock_62874615_WM-2.jpeg\",\"datePublished\":\"2016-11-04T15:36:59+00:00\",\"dateModified\":\"2017-06-26T14:25:55+00:00\",\"breadcrumb\":{\"@id\":\"https:\\\/\\\/www.centredentairedesiles.com\\\/en\\\/informations\\\/sondage-de-satisfaction\\\/#breadcrumb\"},\"inLanguage\":\"en-US\",\"potentialAction\":[{\"@type\":\"ReadAction\",\"target\":[\"https:\\\/\\\/www.centredentairedesiles.com\\\/en\\\/informations\\\/sondage-de-satisfaction\\\/\"]}]},{\"@type\":\"ImageObject\",\"inLanguage\":\"en-US\",\"@id\":\"https:\\\/\\\/www.centredentairedesiles.com\\\/en\\\/informations\\\/sondage-de-satisfaction\\\/#primaryimage\",\"url\":\"https:\\\/\\\/www.centredentairedesiles.com\\\/wp-content\\\/uploads\\\/2016\\\/11\\\/AdobeStock_62874615_WM-2.jpeg\",\"contentUrl\":\"https:\\\/\\\/www.centredentairedesiles.com\\\/wp-content\\\/uploads\\\/2016\\\/11\\\/AdobeStock_62874615_WM-2.jpeg\",\"width\":1000,\"height\":686},{\"@type\":\"BreadcrumbList\",\"@id\":\"https:\\\/\\\/www.centredentairedesiles.com\\\/en\\\/informations\\\/sondage-de-satisfaction\\\/#breadcrumb\",\"itemListElement\":[{\"@type\":\"ListItem\",\"position\":1,\"name\":\"Home\",\"item\":\"https:\\\/\\\/www.centredentairedesiles.com\\\/en\\\/\"},{\"@type\":\"ListItem\",\"position\":2,\"name\":\"Informations\",\"item\":\"https:\\\/\\\/www.centredentairedesiles.com\\\/en\\\/informations\\\/\"},{\"@type\":\"ListItem\",\"position\":3,\"name\":\"Sondage de satisfaction\"}]},{\"@type\":\"WebSite\",\"@id\":\"https:\\\/\\\/www.centredentairedesiles.com\\\/#website\",\"url\":\"https:\\\/\\\/www.centredentairedesiles.com\\\/\",\"name\":\"Centre dentaire des Iles | Dentistes\",\"description\":\"\",\"potentialAction\":[{\"@type\":\"SearchAction\",\"target\":{\"@type\":\"EntryPoint\",\"urlTemplate\":\"https:\\\/\\\/www.centredentairedesiles.com\\\/?s={search_term_string}\"},\"query-input\":{\"@type\":\"PropertyValueSpecification\",\"valueRequired\":true,\"valueName\":\"search_term_string\"}}],\"inLanguage\":\"en-US\"}]}<\/script>\n<!-- \/ Yoast SEO plugin. -->","yoast_head_json":{"title":"Sondage de satisfaction - Centre dentaire des Iles | Dentistes","robots":{"index":"index","follow":"follow","max-snippet":"max-snippet:-1","max-image-preview":"max-image-preview:large","max-video-preview":"max-video-preview:-1"},"canonical":"https:\/\/www.centredentairedesiles.com\/en\/informations\/sondage-de-satisfaction\/","og_locale":"en_US","og_type":"article","og_title":"Sondage de satisfaction - Centre dentaire des Iles | Dentistes","og_description":"Dans le souci de rehausser la qualit\u00e9 de nos services, nous invitons notre client\u00e8le \u00e0 r\u00e9pondre \u00e0 un court sondage. Cette nouvelle approche vise \u00e0 mesurer votre niveau de satisfaction et \u00e0 d\u00e9mystifier les aspects \u00e0 am\u00e9liorer dans le cadre de notre pratique. Veuillez prendre note que ce sondage est anonyme.","og_url":"https:\/\/www.centredentairedesiles.com\/en\/informations\/sondage-de-satisfaction\/","og_site_name":"Centre dentaire des Iles | Dentistes","article_modified_time":"2017-06-26T14:25:55+00:00","twitter_card":"summary_large_image","schema":{"@context":"https:\/\/schema.org","@graph":[{"@type":"WebPage","@id":"https:\/\/www.centredentairedesiles.com\/en\/informations\/sondage-de-satisfaction\/","url":"https:\/\/www.centredentairedesiles.com\/en\/informations\/sondage-de-satisfaction\/","name":"Sondage de satisfaction - Centre dentaire des Iles | Dentistes","isPartOf":{"@id":"https:\/\/www.centredentairedesiles.com\/#website"},"primaryImageOfPage":{"@id":"https:\/\/www.centredentairedesiles.com\/en\/informations\/sondage-de-satisfaction\/#primaryimage"},"image":{"@id":"https:\/\/www.centredentairedesiles.com\/en\/informations\/sondage-de-satisfaction\/#primaryimage"},"thumbnailUrl":"https:\/\/www.centredentairedesiles.com\/wp-content\/uploads\/2016\/11\/AdobeStock_62874615_WM-2.jpeg","datePublished":"2016-11-04T15:36:59+00:00","dateModified":"2017-06-26T14:25:55+00:00","breadcrumb":{"@id":"https:\/\/www.centredentairedesiles.com\/en\/informations\/sondage-de-satisfaction\/#breadcrumb"},"inLanguage":"en-US","potentialAction":[{"@type":"ReadAction","target":["https:\/\/www.centredentairedesiles.com\/en\/informations\/sondage-de-satisfaction\/"]}]},{"@type":"ImageObject","inLanguage":"en-US","@id":"https:\/\/www.centredentairedesiles.com\/en\/informations\/sondage-de-satisfaction\/#primaryimage","url":"https:\/\/www.centredentairedesiles.com\/wp-content\/uploads\/2016\/11\/AdobeStock_62874615_WM-2.jpeg","contentUrl":"https:\/\/www.centredentairedesiles.com\/wp-content\/uploads\/2016\/11\/AdobeStock_62874615_WM-2.jpeg","width":1000,"height":686},{"@type":"BreadcrumbList","@id":"https:\/\/www.centredentairedesiles.com\/en\/informations\/sondage-de-satisfaction\/#breadcrumb","itemListElement":[{"@type":"ListItem","position":1,"name":"Home","item":"https:\/\/www.centredentairedesiles.com\/en\/"},{"@type":"ListItem","position":2,"name":"Informations","item":"https:\/\/www.centredentairedesiles.com\/en\/informations\/"},{"@type":"ListItem","position":3,"name":"Sondage de satisfaction"}]},{"@type":"WebSite","@id":"https:\/\/www.centredentairedesiles.com\/#website","url":"https:\/\/www.centredentairedesiles.com\/","name":"Centre dentaire des Iles | Dentistes","description":"","potentialAction":[{"@type":"SearchAction","target":{"@type":"EntryPoint","urlTemplate":"https:\/\/www.centredentairedesiles.com\/?s={search_term_string}"},"query-input":{"@type":"PropertyValueSpecification","valueRequired":true,"valueName":"search_term_string"}}],"inLanguage":"en-US"}]}},"_links":{"self":[{"href":"https:\/\/www.centredentairedesiles.com\/en\/wp-json\/wp\/v2\/pages\/766","targetHints":{"allow":["GET"]}}],"collection":[{"href":"https:\/\/www.centredentairedesiles.com\/en\/wp-json\/wp\/v2\/pages"}],"about":[{"href":"https:\/\/www.centredentairedesiles.com\/en\/wp-json\/wp\/v2\/types\/page"}],"author":[{"embeddable":true,"href":"https:\/\/www.centredentairedesiles.com\/en\/wp-json\/wp\/v2\/users\/2"}],"replies":[{"embeddable":true,"href":"https:\/\/www.centredentairedesiles.com\/en\/wp-json\/wp\/v2\/comments?post=766"}],"version-history":[{"count":2,"href":"https:\/\/www.centredentairedesiles.com\/en\/wp-json\/wp\/v2\/pages\/766\/revisions"}],"predecessor-version":[{"id":768,"href":"https:\/\/www.centredentairedesiles.com\/en\/wp-json\/wp\/v2\/pages\/766\/revisions\/768"}],"up":[{"embeddable":true,"href":"https:\/\/www.centredentairedesiles.com\/en\/wp-json\/wp\/v2\/pages\/698"}],"wp:featuredmedia":[{"embeddable":true,"href":"https:\/\/www.centredentairedesiles.com\/en\/wp-json\/wp\/v2\/media\/956"}],"wp:attachment":[{"href":"https:\/\/www.centredentairedesiles.com\/en\/wp-json\/wp\/v2\/media?parent=766"}],"curies":[{"name":"wp","href":"https:\/\/api.w.org\/{rel}","templated":true}]}}